{"id":1347,"date":"2022-04-19T13:23:23","date_gmt":"2022-04-19T13:23:23","guid":{"rendered":"http:\/\/i-grind.dk.linux35.curanetserver.dk\/?page_id=1347"},"modified":"2023-02-23T20:59:43","modified_gmt":"2023-02-23T20:59:43","slug":"betjening","status":"publish","type":"page","link":"https:\/\/www.i-grind.dk\/en\/betjening\/","title":{"rendered":"Operation"},"content":{"rendered":"<div data-elementor-type=\"wp-page\" data-elementor-id=\"1347\" class=\"elementor elementor-1347\">\n\t\t\t\t\t\t<section class=\"elementor-section elementor-top-section elementor-element elementor-element-097679b elementor-section-boxed elementor-section-height-default elementor-section-height-default\" data-id=\"097679b\" data-element_type=\"section\">\n\t\t\t\t\t\t<div class=\"elementor-container elementor-column-gap-default\">\n\t\t\t\t\t<div class=\"elementor-column elementor-col-100 elementor-top-column elementor-element elementor-element-7f3a960\" data-id=\"7f3a960\" data-element_type=\"column\">\n\t\t\t<div class=\"elementor-widget-wrap elementor-element-populated\">\n\t\t\t\t\t\t<div class=\"elementor-element elementor-element-63d1776 elementor-widget elementor-widget-image\" data-id=\"63d1776\" data-element_type=\"widget\" data-widget_type=\"image.default\">\n\t\t\t\t<div class=\"elementor-widget-container\">\n\t\t\t\t\t\t\t\t\t\t\t\t\t\t\t<img fetchpriority=\"high\" decoding=\"async\" width=\"1024\" height=\"768\" src=\"https:\/\/www.i-grind.dk\/wp-content\/uploads\/2023\/02\/20220506_120716-1-1024x768.jpg\" class=\"attachment-large size-large wp-image-2753\" alt=\"\" srcset=\"https:\/\/www.i-grind.dk\/wp-content\/uploads\/2023\/02\/20220506_120716-1-1024x768.jpg 1024w, https:\/\/www.i-grind.dk\/wp-content\/uploads\/2023\/02\/20220506_120716-1-300x225.jpg 300w, https:\/\/www.i-grind.dk\/wp-content\/uploads\/2023\/02\/20220506_120716-1-768x576.jpg 768w, https:\/\/www.i-grind.dk\/wp-content\/uploads\/2023\/02\/20220506_120716-1-1536x1152.jpg 1536w, https:\/\/www.i-grind.dk\/wp-content\/uploads\/2023\/02\/20220506_120716-1-2048x1536.jpg 2048w, https:\/\/www.i-grind.dk\/wp-content\/uploads\/2023\/02\/20220506_120716-1-16x12.jpg 16w\" sizes=\"(max-width: 1024px) 100vw, 1024px\" \/>\t\t\t\t\t\t\t\t\t\t\t\t\t\t\t<\/div>\n\t\t\t\t<\/div>\n\t\t\t\t\t<\/div>\n\t\t<\/div>\n\t\t\t\t\t<\/div>\n\t\t<\/section>\n\t\t\t\t<section class=\"elementor-section elementor-top-section elementor-element elementor-element-32a9c1b elementor-section-full_width elementor-section-height-default elementor-section-height-default\" data-id=\"32a9c1b\" data-element_type=\"section\" data-settings=\"{&quot;background_background&quot;:&quot;classic&quot;}\">\n\t\t\t\t\t\t<div class=\"elementor-container elementor-column-gap-no\">\n\t\t\t\t\t<div class=\"elementor-column elementor-col-50 elementor-top-column elementor-element elementor-element-8f212ca elementor-invisible\" data-id=\"8f212ca\" data-element_type=\"column\" data-settings=\"{&quot;animation&quot;:&quot;fadeIn&quot;}\">\n\t\t\t<div class=\"elementor-widget-wrap elementor-element-populated\">\n\t\t\t\t\t\t<div class=\"elementor-element elementor-element-9425265 elementor-widget elementor-widget-heading\" data-id=\"9425265\" data-element_type=\"widget\" data-widget_type=\"heading.default\">\n\t\t\t\t<div class=\"elementor-widget-container\">\n\t\t\t\t\t<h1 class=\"elementor-heading-title elementor-size-default\">Operation<\/h1>\t\t\t\t<\/div>\n\t\t\t\t<\/div>\n\t\t\t\t<div class=\"elementor-element elementor-element-f130d1d elementor-widget-divider--view-line elementor-widget elementor-widget-divider\" data-id=\"f130d1d\" data-element_type=\"widget\" data-widget_type=\"divider.default\">\n\t\t\t\t<div class=\"elementor-widget-container\">\n\t\t\t\t\t\t\t<div class=\"elementor-divider\">\n\t\t\t<span class=\"elementor-divider-separator\">\n\t\t\t\t\t\t<\/span>\n\t\t<\/div>\n\t\t\t\t\t\t<\/div>\n\t\t\t\t<\/div>\n\t\t\t\t\t<\/div>\n\t\t<\/div>\n\t\t\t\t<div class=\"elementor-column elementor-col-50 elementor-top-column elementor-element elementor-element-42d3104 elementor-invisible\" data-id=\"42d3104\" data-element_type=\"column\" data-settings=\"{&quot;animation&quot;:&quot;fadeInRight&quot;,&quot;animation_mobile&quot;:&quot;fadeIn&quot;}\">\n\t\t\t<div class=\"elementor-widget-wrap elementor-element-populated\">\n\t\t\t\t\t\t<div class=\"elementor-element elementor-element-24a2272 elementor-widget elementor-widget-text-editor\" data-id=\"24a2272\" data-element_type=\"widget\" data-widget_type=\"text-editor.default\">\n\t\t\t\t<div class=\"elementor-widget-container\">\n\t\t\t\t\t\t\t\t\t<p><span style=\"font-style: inherit;font-weight: inherit;background-color: var(--ast-global-color-5);color: var(--ast-global-color-3)\">An operator can easily perform all work functions from the loader \u2013 loading, monitoring, changing the discharge conveyor's direction, and adjusting the machine's operation quickly become routine. Thanks to the automatic control of the chamber's rotation speed and the hammer mill's revolutions, the machine is not overloaded, allowing the operator to focus on loading and utilizing i-GRIND's enormous capacity. This results in very high productivity per man-hour. Remote control is sold separately.<\/span><\/p>\t\t\t\t\t\t\t\t<\/div>\n\t\t\t\t<\/div>\n\t\t\t\t\t<\/div>\n\t\t<\/div>\n\t\t\t\t\t<\/div>\n\t\t<\/section>\n\t\t\t\t<section class=\"elementor-section elementor-top-section elementor-element elementor-element-0a27782 elementor-section-boxed elementor-section-height-default elementor-section-height-default\" data-id=\"0a27782\" data-element_type=\"section\">\n\t\t\t\t\t\t<div class=\"elementor-container elementor-column-gap-default\">\n\t\t\t\t\t<div class=\"elementor-column elementor-col-25 elementor-top-column elementor-element elementor-element-19333b8\" data-id=\"19333b8\" data-element_type=\"column\">\n\t\t\t<div class=\"elementor-widget-wrap elementor-element-populated\">\n\t\t\t\t\t\t<div class=\"elementor-element elementor-element-78ba70b elementor-widget elementor-widget-image\" data-id=\"78ba70b\" data-element_type=\"widget\" data-widget_type=\"image.default\">\n\t\t\t\t<div class=\"elementor-widget-container\">\n\t\t\t\t\t\t\t\t\t\t\t\t\t\t\t<img decoding=\"async\" width=\"1024\" height=\"768\" data-src=\"https:\/\/www.i-grind.dk\/wp-content\/uploads\/2022\/05\/i-grind-HD-Betjening-og-handtag-Gronning-Smede-og-Maskinforretning-DSCN8136-min-1024x768.jpg\" class=\"attachment-large size-large wp-image-2331 lazyload\" alt=\"\" data-srcset=\"https:\/\/www.i-grind.dk\/wp-content\/uploads\/2022\/05\/i-grind-HD-Betjening-og-handtag-Gronning-Smede-og-Maskinforretning-DSCN8136-min-1024x768.jpg 1024w, https:\/\/www.i-grind.dk\/wp-content\/uploads\/2022\/05\/i-grind-HD-Betjening-og-handtag-Gronning-Smede-og-Maskinforretning-DSCN8136-min-300x225.jpg 300w, https:\/\/www.i-grind.dk\/wp-content\/uploads\/2022\/05\/i-grind-HD-Betjening-og-handtag-Gronning-Smede-og-Maskinforretning-DSCN8136-min-768x576.jpg 768w, https:\/\/www.i-grind.dk\/wp-content\/uploads\/2022\/05\/i-grind-HD-Betjening-og-handtag-Gronning-Smede-og-Maskinforretning-DSCN8136-min-1536x1152.jpg 1536w, https:\/\/www.i-grind.dk\/wp-content\/uploads\/2022\/05\/i-grind-HD-Betjening-og-handtag-Gronning-Smede-og-Maskinforretning-DSCN8136-min-2048x1536.jpg 2048w, https:\/\/www.i-grind.dk\/wp-content\/uploads\/2022\/05\/i-grind-HD-Betjening-og-handtag-Gronning-Smede-og-Maskinforretning-DSCN8136-min-16x12.jpg 16w\" data-sizes=\"(max-width: 1024px) 100vw, 1024px\" src=\"data:image\/svg+xml;base64,PHN2ZyB3aWR0aD0iMSIgaGVpZ2h0PSIxIiB4bWxucz0iaHR0cDovL3d3dy53My5vcmcvMjAwMC9zdmciPjwvc3ZnPg==\" style=\"--smush-placeholder-width: 1024px; --smush-placeholder-aspect-ratio: 1024\/768;\" \/>\t\t\t\t\t\t\t\t\t\t\t\t\t\t\t<\/div>\n\t\t\t\t<\/div>\n\t\t\t\t\t<\/div>\n\t\t<\/div>\n\t\t\t\t<div class=\"elementor-column elementor-col-25 elementor-top-column elementor-element elementor-element-e16b880\" data-id=\"e16b880\" data-element_type=\"column\">\n\t\t\t<div class=\"elementor-widget-wrap elementor-element-populated\">\n\t\t\t\t\t\t<div class=\"elementor-element elementor-element-3c7c47a elementor-widget elementor-widget-image\" data-id=\"3c7c47a\" data-element_type=\"widget\" data-widget_type=\"image.default\">\n\t\t\t\t<div class=\"elementor-widget-container\">\n\t\t\t\t\t\t\t\t\t\t\t\t\t\t\t<img fetchpriority=\"high\" decoding=\"async\" width=\"1024\" height=\"768\" src=\"https:\/\/www.i-grind.dk\/wp-content\/uploads\/2023\/02\/20220506_120716-1-1024x768.jpg\" class=\"attachment-large size-large wp-image-2753\" alt=\"\" srcset=\"https:\/\/www.i-grind.dk\/wp-content\/uploads\/2023\/02\/20220506_120716-1-1024x768.jpg 1024w, https:\/\/www.i-grind.dk\/wp-content\/uploads\/2023\/02\/20220506_120716-1-300x225.jpg 300w, https:\/\/www.i-grind.dk\/wp-content\/uploads\/2023\/02\/20220506_120716-1-768x576.jpg 768w, https:\/\/www.i-grind.dk\/wp-content\/uploads\/2023\/02\/20220506_120716-1-1536x1152.jpg 1536w, https:\/\/www.i-grind.dk\/wp-content\/uploads\/2023\/02\/20220506_120716-1-2048x1536.jpg 2048w, https:\/\/www.i-grind.dk\/wp-content\/uploads\/2023\/02\/20220506_120716-1-16x12.jpg 16w\" sizes=\"(max-width: 1024px) 100vw, 1024px\" \/>\t\t\t\t\t\t\t\t\t\t\t\t\t\t\t<\/div>\n\t\t\t\t<\/div>\n\t\t\t\t\t<\/div>\n\t\t<\/div>\n\t\t\t\t<div class=\"elementor-column elementor-col-25 elementor-top-column elementor-element elementor-element-8ea10ac\" data-id=\"8ea10ac\" data-element_type=\"column\">\n\t\t\t<div class=\"elementor-widget-wrap elementor-element-populated\">\n\t\t\t\t\t\t<div class=\"elementor-element elementor-element-64ba47e elementor-widget elementor-widget-image\" data-id=\"64ba47e\" data-element_type=\"widget\" data-widget_type=\"image.default\">\n\t\t\t\t<div class=\"elementor-widget-container\">\n\t\t\t\t\t\t\t\t\t\t\t\t\t\t\t<img decoding=\"async\" data-src=\"https:\/\/www.i-grind.dk\/wp-content\/uploads\/2023\/02\/IMG_20221110_133036-scaled.jpg\" title=\"IMG_20221110_133036\" alt=\"IMG_20221110_133036\" src=\"data:image\/svg+xml;base64,PHN2ZyB3aWR0aD0iMSIgaGVpZ2h0PSIxIiB4bWxucz0iaHR0cDovL3d3dy53My5vcmcvMjAwMC9zdmciPjwvc3ZnPg==\" class=\"lazyload\" style=\"--smush-placeholder-width: 1441px; --smush-placeholder-aspect-ratio: 1441\/2560;\" \/>\t\t\t\t\t\t\t\t\t\t\t\t\t\t\t<\/div>\n\t\t\t\t<\/div>\n\t\t\t\t\t<\/div>\n\t\t<\/div>\n\t\t\t\t<div class=\"elementor-column elementor-col-25 elementor-top-column elementor-element elementor-element-f5fb4b2\" data-id=\"f5fb4b2\" data-element_type=\"column\">\n\t\t\t<div class=\"elementor-widget-wrap\">\n\t\t\t\t\t\t\t<\/div>\n\t\t<\/div>\n\t\t\t\t\t<\/div>\n\t\t<\/section>\n\t\t\t\t<\/div>","protected":false},"excerpt":{"rendered":"<p>Betjening En operat\u00f8r kan nemt udf\u00f8re alle arbejdsfunktioner fra l\u00e6ssemaskinen &#8211; l\u00e6sning, overv\u00e5gning, \u00e6ndring af afl\u00e6sserb\u00e5ndets retning og justering af maskinens drift bliver hurtigt rutine. Takket v\u00e6re den automatiske styring af karrets rotationshastighed og hammerm\u00f8llens omdrejninger, sker der ikke overbelastning af maskinen, s\u00e5 operat\u00f8ren kan koncentrere sig om at l\u00e6sse og udnytte i-GRIND\u2019s enorme kapacitet. [&hellip;]<\/p>","protected":false},"author":1,"featured_media":0,"parent":0,"menu_order":0,"comment_status":"closed","ping_status":"closed","template":"","meta":{"site-sidebar-layout":"no-sidebar","site-content-layout":"page-builder","ast-site-content-layout":"","site-content-style":"default","site-sidebar-style":"default","ast-global-header-display":"","ast-banner-title-visibility":"","ast-main-header-display":"","ast-hfb-above-header-display":"","ast-hfb-below-header-display":"","ast-hfb-mobile-header-display":"","site-post-title":"disabled","ast-breadcrumbs-content":"","ast-featured-img":"disabled","footer-sml-layout":"","theme-transparent-header-meta":"","adv-header-id-meta":"","stick-header-meta":"","header-above-stick-meta":"","header-main-stick-meta":"","header-below-stick-meta":"","astra-migrate-meta-layouts":"default","ast-page-background-enabled":"default","ast-page-background-meta":{"desktop":{"background-color":"var(--ast-global-color-4)","background-image":"","background-repeat":"repeat","background-position":"center center","background-size":"auto","background-attachment":"scroll","background-type":"","background-media":"","overlay-type":"","overlay-color":"","overlay-opacity":"","overlay-gradient":""},"tablet":{"background-color":"","background-image":"","background-repeat":"repeat","background-position":"center center","background-size":"auto","background-attachment":"scroll","background-type":"","background-media":"","overlay-type":"","overlay-color":"","overlay-opacity":"","overlay-gradient":""},"mobile":{"background-color":"","background-image":"","background-repeat":"repeat","background-position":"center center","background-size":"auto","background-attachment":"scroll","background-type":"","background-media":"","overlay-type":"","overlay-color":"","overlay-opacity":"","overlay-gradient":""}},"ast-content-background-meta":{"desktop":{"background-color":"var(--ast-global-color-5)","background-image":"","background-repeat":"repeat","background-position":"center center","background-size":"auto","background-attachment":"scroll","background-type":"","background-media":"","overlay-type":"","overlay-color":"","overlay-opacity":"","overlay-gradient":""},"tablet":{"background-color":"var(--ast-global-color-5)","background-image":"","background-repeat":"repeat","background-position":"center center","background-size":"auto","background-attachment":"scroll","background-type":"","background-media":"","overlay-type":"","overlay-color":"","overlay-opacity":"","overlay-gradient":""},"mobile":{"background-color":"var(--ast-global-color-5)","background-image":"","background-repeat":"repeat","background-position":"center center","background-size":"auto","background-attachment":"scroll","background-type":"","background-media":"","overlay-type":"","overlay-color":"","overlay-opacity":"","overlay-gradient":""}},"footnotes":""},"class_list":["post-1347","page","type-page","status-publish","hentry"],"yoast_head":"<!-- This site is optimized with the Yoast SEO plugin v24.7 - https:\/\/yoast.com\/wordpress\/plugins\/seo\/ -->\n<title>I-GRIND - Betjening | udf\u00f8r alle arbejdsfunktioner fra et sted<\/title>\n<meta name=\"description\" content=\"En operat\u00f8r kan nemt udf\u00f8re alle arbejdsfunktioner fra l\u00e6ssemaskinen \u2013 l\u00e6sning, overv\u00e5gning, afl\u00e6sserb\u00e5ndets retning m.m. | Klik her\" \/>\n<meta name=\"robots\" content=\"index, follow, max-snippet:-1, max-image-preview:large, max-video-preview:-1\" \/>\n<link rel=\"canonical\" href=\"https:\/\/www.i-grind.dk\/en\/betjening\/\" \/>\n<meta property=\"og:locale\" content=\"en_GB\" \/>\n<meta property=\"og:type\" content=\"article\" \/>\n<meta property=\"og:title\" content=\"I-GRIND - Betjening | udf\u00f8r alle arbejdsfunktioner fra et sted\" \/>\n<meta property=\"og:description\" content=\"En operat\u00f8r kan nemt udf\u00f8re alle arbejdsfunktioner fra l\u00e6ssemaskinen \u2013 l\u00e6sning, overv\u00e5gning, afl\u00e6sserb\u00e5ndets retning m.m. | Klik her\" \/>\n<meta property=\"og:url\" content=\"https:\/\/www.i-grind.dk\/en\/betjening\/\" \/>\n<meta property=\"og:site_name\" content=\"I-grind\" \/>\n<meta property=\"article:modified_time\" content=\"2023-02-23T20:59:43+00:00\" \/>\n<meta property=\"og:image\" content=\"https:\/\/www.i-grind.dk\/wp-content\/uploads\/2023\/02\/20220506_120716-1-1024x768.jpg\" \/>\n<meta name=\"twitter:card\" content=\"summary_large_image\" \/>\n<meta name=\"twitter:label1\" content=\"Estimated reading time\" \/>\n\t<meta name=\"twitter:data1\" content=\"2 minutes\" \/>\n<script type=\"application\/ld+json\" class=\"yoast-schema-graph\">{\"@context\":\"https:\/\/schema.org\",\"@graph\":[{\"@type\":\"WebPage\",\"@id\":\"https:\/\/www.i-grind.dk\/betjening\/\",\"url\":\"https:\/\/www.i-grind.dk\/betjening\/\",\"name\":\"I-GRIND - Betjening | udf\u00f8r alle arbejdsfunktioner fra et sted\",\"isPartOf\":{\"@id\":\"https:\/\/www.i-grind.dk\/#website\"},\"primaryImageOfPage\":{\"@id\":\"https:\/\/www.i-grind.dk\/betjening\/#primaryimage\"},\"image\":{\"@id\":\"https:\/\/www.i-grind.dk\/betjening\/#primaryimage\"},\"thumbnailUrl\":\"https:\/\/www.i-grind.dk\/wp-content\/uploads\/2023\/02\/20220506_120716-1-1024x768.jpg\",\"datePublished\":\"2022-04-19T13:23:23+00:00\",\"dateModified\":\"2023-02-23T20:59:43+00:00\",\"description\":\"En operat\u00f8r kan nemt udf\u00f8re alle arbejdsfunktioner fra l\u00e6ssemaskinen \u2013 l\u00e6sning, overv\u00e5gning, afl\u00e6sserb\u00e5ndets retning m.m. | Klik her\",\"breadcrumb\":{\"@id\":\"https:\/\/www.i-grind.dk\/betjening\/#breadcrumb\"},\"inLanguage\":\"en-GB\",\"potentialAction\":[{\"@type\":\"ReadAction\",\"target\":[\"https:\/\/www.i-grind.dk\/betjening\/\"]}]},{\"@type\":\"ImageObject\",\"inLanguage\":\"en-GB\",\"@id\":\"https:\/\/www.i-grind.dk\/betjening\/#primaryimage\",\"url\":\"https:\/\/www.i-grind.dk\/wp-content\/uploads\/2023\/02\/20220506_120716-1-1024x768.jpg\",\"contentUrl\":\"https:\/\/www.i-grind.dk\/wp-content\/uploads\/2023\/02\/20220506_120716-1-1024x768.jpg\"},{\"@type\":\"BreadcrumbList\",\"@id\":\"https:\/\/www.i-grind.dk\/betjening\/#breadcrumb\",\"itemListElement\":[{\"@type\":\"ListItem\",\"position\":1,\"name\":\"Home\",\"item\":\"https:\/\/www.i-grind.dk\/\"},{\"@type\":\"ListItem\",\"position\":2,\"name\":\"Betjening\"}]},{\"@type\":\"WebSite\",\"@id\":\"https:\/\/www.i-grind.dk\/#website\",\"url\":\"https:\/\/www.i-grind.dk\/\",\"name\":\"I-grind\",\"description\":\"\",\"publisher\":{\"@id\":\"https:\/\/www.i-grind.dk\/#organization\"},\"potentialAction\":[{\"@type\":\"SearchAction\",\"target\":{\"@type\":\"EntryPoint\",\"urlTemplate\":\"https:\/\/www.i-grind.dk\/?s={search_term_string}\"},\"query-input\":{\"@type\":\"PropertyValueSpecification\",\"valueRequired\":true,\"valueName\":\"search_term_string\"}}],\"inLanguage\":\"en-GB\"},{\"@type\":\"Organization\",\"@id\":\"https:\/\/www.i-grind.dk\/#organization\",\"name\":\"I-grind\",\"url\":\"https:\/\/www.i-grind.dk\/\",\"logo\":{\"@type\":\"ImageObject\",\"inLanguage\":\"en-GB\",\"@id\":\"https:\/\/www.i-grind.dk\/#\/schema\/logo\/image\/\",\"url\":\"https:\/\/www.i-grind.dk\/wp-content\/uploads\/2022\/04\/i-grind-logo-gron.svg\",\"contentUrl\":\"https:\/\/www.i-grind.dk\/wp-content\/uploads\/2022\/04\/i-grind-logo-gron.svg\",\"width\":1920,\"height\":636,\"caption\":\"I-grind\"},\"image\":{\"@id\":\"https:\/\/www.i-grind.dk\/#\/schema\/logo\/image\/\"}}]}<\/script>\n<!-- \/ Yoast SEO plugin. -->","yoast_head_json":{"title":"I-GRIND - Betjening | udf\u00f8r alle arbejdsfunktioner fra et sted","description":"En operat\u00f8r kan nemt udf\u00f8re alle arbejdsfunktioner fra l\u00e6ssemaskinen \u2013 l\u00e6sning, overv\u00e5gning, afl\u00e6sserb\u00e5ndets retning m.m. | Klik her","robots":{"index":"index","follow":"follow","max-snippet":"max-snippet:-1","max-image-preview":"max-image-preview:large","max-video-preview":"max-video-preview:-1"},"canonical":"https:\/\/www.i-grind.dk\/en\/betjening\/","og_locale":"en_GB","og_type":"article","og_title":"I-GRIND - Betjening | udf\u00f8r alle arbejdsfunktioner fra et sted","og_description":"En operat\u00f8r kan nemt udf\u00f8re alle arbejdsfunktioner fra l\u00e6ssemaskinen \u2013 l\u00e6sning, overv\u00e5gning, afl\u00e6sserb\u00e5ndets retning m.m. | Klik her","og_url":"https:\/\/www.i-grind.dk\/en\/betjening\/","og_site_name":"I-grind","article_modified_time":"2023-02-23T20:59:43+00:00","og_image":[{"url":"https:\/\/www.i-grind.dk\/wp-content\/uploads\/2023\/02\/20220506_120716-1-1024x768.jpg","type":"","width":"","height":""}],"twitter_card":"summary_large_image","twitter_misc":{"Estimated reading time":"2 minutes"},"schema":{"@context":"https:\/\/schema.org","@graph":[{"@type":"WebPage","@id":"https:\/\/www.i-grind.dk\/betjening\/","url":"https:\/\/www.i-grind.dk\/betjening\/","name":"I-GRIND - Betjening | udf\u00f8r alle arbejdsfunktioner fra et sted","isPartOf":{"@id":"https:\/\/www.i-grind.dk\/#website"},"primaryImageOfPage":{"@id":"https:\/\/www.i-grind.dk\/betjening\/#primaryimage"},"image":{"@id":"https:\/\/www.i-grind.dk\/betjening\/#primaryimage"},"thumbnailUrl":"https:\/\/www.i-grind.dk\/wp-content\/uploads\/2023\/02\/20220506_120716-1-1024x768.jpg","datePublished":"2022-04-19T13:23:23+00:00","dateModified":"2023-02-23T20:59:43+00:00","description":"En operat\u00f8r kan nemt udf\u00f8re alle arbejdsfunktioner fra l\u00e6ssemaskinen \u2013 l\u00e6sning, overv\u00e5gning, afl\u00e6sserb\u00e5ndets retning m.m. | Klik her","breadcrumb":{"@id":"https:\/\/www.i-grind.dk\/betjening\/#breadcrumb"},"inLanguage":"en-GB","potentialAction":[{"@type":"ReadAction","target":["https:\/\/www.i-grind.dk\/betjening\/"]}]},{"@type":"ImageObject","inLanguage":"en-GB","@id":"https:\/\/www.i-grind.dk\/betjening\/#primaryimage","url":"https:\/\/www.i-grind.dk\/wp-content\/uploads\/2023\/02\/20220506_120716-1-1024x768.jpg","contentUrl":"https:\/\/www.i-grind.dk\/wp-content\/uploads\/2023\/02\/20220506_120716-1-1024x768.jpg"},{"@type":"BreadcrumbList","@id":"https:\/\/www.i-grind.dk\/betjening\/#breadcrumb","itemListElement":[{"@type":"ListItem","position":1,"name":"Home","item":"https:\/\/www.i-grind.dk\/"},{"@type":"ListItem","position":2,"name":"Betjening"}]},{"@type":"WebSite","@id":"https:\/\/www.i-grind.dk\/#website","url":"https:\/\/www.i-grind.dk\/","name":"I-grind","description":"","publisher":{"@id":"https:\/\/www.i-grind.dk\/#organization"},"potentialAction":[{"@type":"SearchAction","target":{"@type":"EntryPoint","urlTemplate":"https:\/\/www.i-grind.dk\/?s={search_term_string}"},"query-input":{"@type":"PropertyValueSpecification","valueRequired":true,"valueName":"search_term_string"}}],"inLanguage":"en-GB"},{"@type":"Organization","@id":"https:\/\/www.i-grind.dk\/#organization","name":"I-grind","url":"https:\/\/www.i-grind.dk\/","logo":{"@type":"ImageObject","inLanguage":"en-GB","@id":"https:\/\/www.i-grind.dk\/#\/schema\/logo\/image\/","url":"https:\/\/www.i-grind.dk\/wp-content\/uploads\/2022\/04\/i-grind-logo-gron.svg","contentUrl":"https:\/\/www.i-grind.dk\/wp-content\/uploads\/2022\/04\/i-grind-logo-gron.svg","width":1920,"height":636,"caption":"I-grind"},"image":{"@id":"https:\/\/www.i-grind.dk\/#\/schema\/logo\/image\/"}}]}},"_links":{"self":[{"href":"https:\/\/www.i-grind.dk\/en\/wp-json\/wp\/v2\/pages\/1347"}],"collection":[{"href":"https:\/\/www.i-grind.dk\/en\/wp-json\/wp\/v2\/pages"}],"about":[{"href":"https:\/\/www.i-grind.dk\/en\/wp-json\/wp\/v2\/types\/page"}],"author":[{"embeddable":true,"href":"https:\/\/www.i-grind.dk\/en\/wp-json\/wp\/v2\/users\/1"}],"replies":[{"embeddable":true,"href":"https:\/\/www.i-grind.dk\/en\/wp-json\/wp\/v2\/comments?post=1347"}],"version-history":[{"count":71,"href":"https:\/\/www.i-grind.dk\/en\/wp-json\/wp\/v2\/pages\/1347\/revisions"}],"predecessor-version":[{"id":2817,"href":"https:\/\/www.i-grind.dk\/en\/wp-json\/wp\/v2\/pages\/1347\/revisions\/2817"}],"wp:attachment":[{"href":"https:\/\/www.i-grind.dk\/en\/wp-json\/wp\/v2\/media?parent=1347"}],"curies":[{"name":"wp","href":"https:\/\/api.w.org\/{rel}","templated":true}]}}