{"id":1359,"date":"2022-04-19T13:25:06","date_gmt":"2022-04-19T13:25:06","guid":{"rendered":"http:\/\/i-grind.dk.linux35.curanetserver.dk\/?page_id=1359"},"modified":"2022-06-01T13:42:41","modified_gmt":"2022-06-01T13:42:41","slug":"tekniske-data","status":"publish","type":"page","link":"https:\/\/www.i-grind.dk\/en\/tekniske-data\/","title":{"rendered":"Technical data"},"content":{"rendered":"<div data-elementor-type=\"wp-page\" data-elementor-id=\"1359\" class=\"elementor elementor-1359\">\n\t\t\t\t\t\t<section class=\"elementor-section elementor-top-section elementor-element elementor-element-257bec2 elementor-section-height-min-height elementor-section-boxed elementor-section-height-default elementor-section-items-middle\" data-id=\"257bec2\" data-element_type=\"section\" data-settings=\"{&quot;background_background&quot;:&quot;classic&quot;}\">\n\t\t\t\t\t\t<div class=\"elementor-container elementor-column-gap-default\">\n\t\t\t\t\t<div class=\"elementor-column elementor-col-100 elementor-top-column elementor-element elementor-element-519c924\" data-id=\"519c924\" data-element_type=\"column\">\n\t\t\t<div class=\"elementor-widget-wrap\">\n\t\t\t\t\t\t\t<\/div>\n\t\t<\/div>\n\t\t\t\t\t<\/div>\n\t\t<\/section>\n\t\t\t\t<section class=\"elementor-section elementor-top-section elementor-element elementor-element-14160e9 elementor-section-full_width elementor-section-height-default elementor-section-height-default\" data-id=\"14160e9\" data-element_type=\"section\" data-settings=\"{&quot;background_background&quot;:&quot;classic&quot;}\">\n\t\t\t\t\t\t<div class=\"elementor-container elementor-column-gap-no\">\n\t\t\t\t\t<div class=\"elementor-column elementor-col-50 elementor-top-column elementor-element elementor-element-68b9f0e elementor-invisible\" data-id=\"68b9f0e\" data-element_type=\"column\" data-settings=\"{&quot;animation&quot;:&quot;fadeIn&quot;}\">\n\t\t\t<div class=\"elementor-widget-wrap elementor-element-populated\">\n\t\t\t\t\t\t<div class=\"elementor-element elementor-element-a9db31a elementor-widget elementor-widget-heading\" data-id=\"a9db31a\" data-element_type=\"widget\" data-widget_type=\"heading.default\">\n\t\t\t\t<div class=\"elementor-widget-container\">\n\t\t\t\t\t<h1 class=\"elementor-heading-title elementor-size-default\">Technical data<\/h1>\t\t\t\t<\/div>\n\t\t\t\t<\/div>\n\t\t\t\t<div class=\"elementor-element elementor-element-adf64ad elementor-widget-divider--view-line elementor-widget elementor-widget-divider\" data-id=\"adf64ad\" data-element_type=\"widget\" data-widget_type=\"divider.default\">\n\t\t\t\t<div class=\"elementor-widget-container\">\n\t\t\t\t\t\t\t<div class=\"elementor-divider\">\n\t\t\t<span class=\"elementor-divider-separator\">\n\t\t\t\t\t\t<\/span>\n\t\t<\/div>\n\t\t\t\t\t\t<\/div>\n\t\t\t\t<\/div>\n\t\t\t\t\t<\/div>\n\t\t<\/div>\n\t\t\t\t<div class=\"elementor-column elementor-col-50 elementor-top-column elementor-element elementor-element-87d6b90 elementor-invisible\" data-id=\"87d6b90\" data-element_type=\"column\" data-settings=\"{&quot;animation&quot;:&quot;fadeInRight&quot;,&quot;animation_mobile&quot;:&quot;fadeIn&quot;}\">\n\t\t\t<div class=\"elementor-widget-wrap elementor-element-populated\">\n\t\t\t\t\t\t<div class=\"elementor-element elementor-element-81e6215 elementor-widget elementor-widget-text-editor\" data-id=\"81e6215\" data-element_type=\"widget\" data-widget_type=\"text-editor.default\">\n\t\t\t\t<div class=\"elementor-widget-container\">\n\t\t\t\t\t\t\t\t\t<p><span style=\"background-color: var(--ast-global-color-5)\">I-GRIND HD is designed and manufactured in Denmark. We adhere to European standards, and our subcontractors for pumps, controls, etc. are all reputable manufacturers. Therefore, you can easily obtain most spare parts from local suppliers<\/span><\/p><p>We continuously develop I-GRIND in collaboration with users, so we reserve the right to change data without notice. Please contact us for a comprehensive review of the current technical details.<\/p>\t\t\t\t\t\t\t\t<\/div>\n\t\t\t\t<\/div>\n\t\t\t\t\t<\/div>\n\t\t<\/div>\n\t\t\t\t\t<\/div>\n\t\t<\/section>\n\t\t\t\t<\/div>","protected":false},"excerpt":{"rendered":"<p>Tekniske data I-GRIND HD er designet og produceret i Danmark. Vi arbejder efter europ\u00e6isk standard, og vores underleverand\u00f8rer af pumper, styringer osv. er alle anerkendte producenter. Derfor kan du nemt skaffe de fleste servicedele hos lokale leverand\u00f8rer. Vi udvikler l\u00f8bende I-GRIND i samarbejde med brugerne, s\u00e5 vi forbeholder os ret til \u00e6ndring af data uden [&hellip;]<\/p>","protected":false},"author":1,"featured_media":0,"parent":0,"menu_order":0,"comment_status":"closed","ping_status":"closed","template":"","meta":{"site-sidebar-layout":"no-sidebar","site-content-layout":"page-builder","ast-site-content-layout":"","site-content-style":"default","site-sidebar-style":"default","ast-global-header-display":"","ast-banner-title-visibility":"","ast-main-header-display":"","ast-hfb-above-header-display":"","ast-hfb-below-header-display":"","ast-hfb-mobile-header-display":"","site-post-title":"disabled","ast-breadcrumbs-content":"","ast-featured-img":"disabled","footer-sml-layout":"","theme-transparent-header-meta":"","adv-header-id-meta":"","stick-header-meta":"","header-above-stick-meta":"","header-main-stick-meta":"","header-below-stick-meta":"","astra-migrate-meta-layouts":"default","ast-page-background-enabled":"default","ast-page-background-meta":{"desktop":{"background-color":"var(--ast-global-color-4)","background-image":"","background-repeat":"repeat","background-position":"center center","background-size":"auto","background-attachment":"scroll","background-type":"","background-media":"","overlay-type":"","overlay-color":"","overlay-opacity":"","overlay-gradient":""},"tablet":{"background-color":"","background-image":"","background-repeat":"repeat","background-position":"center center","background-size":"auto","background-attachment":"scroll","background-type":"","background-media":"","overlay-type":"","overlay-color":"","overlay-opacity":"","overlay-gradient":""},"mobile":{"background-color":"","background-image":"","background-repeat":"repeat","background-position":"center center","background-size":"auto","background-attachment":"scroll","background-type":"","background-media":"","overlay-type":"","overlay-color":"","overlay-opacity":"","overlay-gradient":""}},"ast-content-background-meta":{"desktop":{"background-color":"var(--ast-global-color-5)","background-image":"","background-repeat":"repeat","background-position":"center center","background-size":"auto","background-attachment":"scroll","background-type":"","background-media":"","overlay-type":"","overlay-color":"","overlay-opacity":"","overlay-gradient":""},"tablet":{"background-color":"var(--ast-global-color-5)","background-image":"","background-repeat":"repeat","background-position":"center center","background-size":"auto","background-attachment":"scroll","background-type":"","background-media":"","overlay-type":"","overlay-color":"","overlay-opacity":"","overlay-gradient":""},"mobile":{"background-color":"var(--ast-global-color-5)","background-image":"","background-repeat":"repeat","background-position":"center center","background-size":"auto","background-attachment":"scroll","background-type":"","background-media":"","overlay-type":"","overlay-color":"","overlay-opacity":"","overlay-gradient":""}},"footnotes":""},"class_list":["post-1359","page","type-page","status-publish","hentry"],"yoast_head":"<!-- This site is optimized with the Yoast SEO plugin v24.7 - https:\/\/yoast.com\/wordpress\/plugins\/seo\/ -->\n<title>Tekniske data - I-grind<\/title>\n<meta name=\"robots\" content=\"index, follow, max-snippet:-1, max-image-preview:large, max-video-preview:-1\" \/>\n<link rel=\"canonical\" href=\"https:\/\/www.i-grind.dk\/en\/tekniske-data\/\" \/>\n<meta property=\"og:locale\" content=\"en_GB\" \/>\n<meta property=\"og:type\" content=\"article\" \/>\n<meta property=\"og:title\" content=\"Tekniske data - I-grind\" \/>\n<meta property=\"og:description\" content=\"Tekniske data I-GRIND HD er designet og produceret i Danmark. Vi arbejder efter europ\u00e6isk standard, og vores underleverand\u00f8rer af pumper, styringer osv. er alle anerkendte producenter. Derfor kan du nemt skaffe de fleste servicedele hos lokale leverand\u00f8rer. Vi udvikler l\u00f8bende I-GRIND i samarbejde med brugerne, s\u00e5 vi forbeholder os ret til \u00e6ndring af data uden [&hellip;]\" \/>\n<meta property=\"og:url\" content=\"https:\/\/www.i-grind.dk\/en\/tekniske-data\/\" \/>\n<meta property=\"og:site_name\" content=\"I-grind\" \/>\n<meta property=\"article:modified_time\" content=\"2022-06-01T13:42:41+00:00\" \/>\n<meta name=\"twitter:card\" content=\"summary_large_image\" \/>\n<meta name=\"twitter:label1\" content=\"Estimated reading time\" \/>\n\t<meta name=\"twitter:data1\" content=\"1 minute\" \/>\n<script type=\"application\/ld+json\" class=\"yoast-schema-graph\">{\"@context\":\"https:\/\/schema.org\",\"@graph\":[{\"@type\":\"WebPage\",\"@id\":\"https:\/\/www.i-grind.dk\/tekniske-data\/\",\"url\":\"https:\/\/www.i-grind.dk\/tekniske-data\/\",\"name\":\"Tekniske data - I-grind\",\"isPartOf\":{\"@id\":\"https:\/\/www.i-grind.dk\/#website\"},\"datePublished\":\"2022-04-19T13:25:06+00:00\",\"dateModified\":\"2022-06-01T13:42:41+00:00\",\"breadcrumb\":{\"@id\":\"https:\/\/www.i-grind.dk\/tekniske-data\/#breadcrumb\"},\"inLanguage\":\"en-GB\",\"potentialAction\":[{\"@type\":\"ReadAction\",\"target\":[\"https:\/\/www.i-grind.dk\/tekniske-data\/\"]}]},{\"@type\":\"BreadcrumbList\",\"@id\":\"https:\/\/www.i-grind.dk\/tekniske-data\/#breadcrumb\",\"itemListElement\":[{\"@type\":\"ListItem\",\"position\":1,\"name\":\"Home\",\"item\":\"https:\/\/www.i-grind.dk\/\"},{\"@type\":\"ListItem\",\"position\":2,\"name\":\"Tekniske data\"}]},{\"@type\":\"WebSite\",\"@id\":\"https:\/\/www.i-grind.dk\/#website\",\"url\":\"https:\/\/www.i-grind.dk\/\",\"name\":\"I-grind\",\"description\":\"\",\"publisher\":{\"@id\":\"https:\/\/www.i-grind.dk\/#organization\"},\"potentialAction\":[{\"@type\":\"SearchAction\",\"target\":{\"@type\":\"EntryPoint\",\"urlTemplate\":\"https:\/\/www.i-grind.dk\/?s={search_term_string}\"},\"query-input\":{\"@type\":\"PropertyValueSpecification\",\"valueRequired\":true,\"valueName\":\"search_term_string\"}}],\"inLanguage\":\"en-GB\"},{\"@type\":\"Organization\",\"@id\":\"https:\/\/www.i-grind.dk\/#organization\",\"name\":\"I-grind\",\"url\":\"https:\/\/www.i-grind.dk\/\",\"logo\":{\"@type\":\"ImageObject\",\"inLanguage\":\"en-GB\",\"@id\":\"https:\/\/www.i-grind.dk\/#\/schema\/logo\/image\/\",\"url\":\"https:\/\/www.i-grind.dk\/wp-content\/uploads\/2022\/04\/i-grind-logo-gron.svg\",\"contentUrl\":\"https:\/\/www.i-grind.dk\/wp-content\/uploads\/2022\/04\/i-grind-logo-gron.svg\",\"width\":1920,\"height\":636,\"caption\":\"I-grind\"},\"image\":{\"@id\":\"https:\/\/www.i-grind.dk\/#\/schema\/logo\/image\/\"}}]}<\/script>\n<!-- \/ Yoast SEO plugin. -->","yoast_head_json":{"title":"Tekniske data - I-grind","robots":{"index":"index","follow":"follow","max-snippet":"max-snippet:-1","max-image-preview":"max-image-preview:large","max-video-preview":"max-video-preview:-1"},"canonical":"https:\/\/www.i-grind.dk\/en\/tekniske-data\/","og_locale":"en_GB","og_type":"article","og_title":"Tekniske data - I-grind","og_description":"Tekniske data I-GRIND HD er designet og produceret i Danmark. Vi arbejder efter europ\u00e6isk standard, og vores underleverand\u00f8rer af pumper, styringer osv. er alle anerkendte producenter. Derfor kan du nemt skaffe de fleste servicedele hos lokale leverand\u00f8rer. Vi udvikler l\u00f8bende I-GRIND i samarbejde med brugerne, s\u00e5 vi forbeholder os ret til \u00e6ndring af data uden [&hellip;]","og_url":"https:\/\/www.i-grind.dk\/en\/tekniske-data\/","og_site_name":"I-grind","article_modified_time":"2022-06-01T13:42:41+00:00","twitter_card":"summary_large_image","twitter_misc":{"Estimated reading time":"1 minute"},"schema":{"@context":"https:\/\/schema.org","@graph":[{"@type":"WebPage","@id":"https:\/\/www.i-grind.dk\/tekniske-data\/","url":"https:\/\/www.i-grind.dk\/tekniske-data\/","name":"Tekniske data - I-grind","isPartOf":{"@id":"https:\/\/www.i-grind.dk\/#website"},"datePublished":"2022-04-19T13:25:06+00:00","dateModified":"2022-06-01T13:42:41+00:00","breadcrumb":{"@id":"https:\/\/www.i-grind.dk\/tekniske-data\/#breadcrumb"},"inLanguage":"en-GB","potentialAction":[{"@type":"ReadAction","target":["https:\/\/www.i-grind.dk\/tekniske-data\/"]}]},{"@type":"BreadcrumbList","@id":"https:\/\/www.i-grind.dk\/tekniske-data\/#breadcrumb","itemListElement":[{"@type":"ListItem","position":1,"name":"Home","item":"https:\/\/www.i-grind.dk\/"},{"@type":"ListItem","position":2,"name":"Tekniske data"}]},{"@type":"WebSite","@id":"https:\/\/www.i-grind.dk\/#website","url":"https:\/\/www.i-grind.dk\/","name":"I-grind","description":"","publisher":{"@id":"https:\/\/www.i-grind.dk\/#organization"},"potentialAction":[{"@type":"SearchAction","target":{"@type":"EntryPoint","urlTemplate":"https:\/\/www.i-grind.dk\/?s={search_term_string}"},"query-input":{"@type":"PropertyValueSpecification","valueRequired":true,"valueName":"search_term_string"}}],"inLanguage":"en-GB"},{"@type":"Organization","@id":"https:\/\/www.i-grind.dk\/#organization","name":"I-grind","url":"https:\/\/www.i-grind.dk\/","logo":{"@type":"ImageObject","inLanguage":"en-GB","@id":"https:\/\/www.i-grind.dk\/#\/schema\/logo\/image\/","url":"https:\/\/www.i-grind.dk\/wp-content\/uploads\/2022\/04\/i-grind-logo-gron.svg","contentUrl":"https:\/\/www.i-grind.dk\/wp-content\/uploads\/2022\/04\/i-grind-logo-gron.svg","width":1920,"height":636,"caption":"I-grind"},"image":{"@id":"https:\/\/www.i-grind.dk\/#\/schema\/logo\/image\/"}}]}},"_links":{"self":[{"href":"https:\/\/www.i-grind.dk\/en\/wp-json\/wp\/v2\/pages\/1359"}],"collection":[{"href":"https:\/\/www.i-grind.dk\/en\/wp-json\/wp\/v2\/pages"}],"about":[{"href":"https:\/\/www.i-grind.dk\/en\/wp-json\/wp\/v2\/types\/page"}],"author":[{"embeddable":true,"href":"https:\/\/www.i-grind.dk\/en\/wp-json\/wp\/v2\/users\/1"}],"replies":[{"embeddable":true,"href":"https:\/\/www.i-grind.dk\/en\/wp-json\/wp\/v2\/comments?post=1359"}],"version-history":[{"count":22,"href":"https:\/\/www.i-grind.dk\/en\/wp-json\/wp\/v2\/pages\/1359\/revisions"}],"predecessor-version":[{"id":2679,"href":"https:\/\/www.i-grind.dk\/en\/wp-json\/wp\/v2\/pages\/1359\/revisions\/2679"}],"wp:attachment":[{"href":"https:\/\/www.i-grind.dk\/en\/wp-json\/wp\/v2\/media?parent=1359"}],"curies":[{"name":"wp","href":"https:\/\/api.w.org\/{rel}","templated":true}]}}